{"id":8,"date":"2023-05-12T17:52:22","date_gmt":"2023-05-12T17:52:22","guid":{"rendered":"https:\/\/coach2.shazawa.com\/?page_id=8"},"modified":"2023-05-14T18:43:46","modified_gmt":"2023-05-14T18:43:46","slug":"accueil","status":"publish","type":"page","link":"https:\/\/coach2.shazawa.com\/","title":{"rendered":"Accueil"},"content":{"rendered":"<p>[et_pb_section fb_built=&#8221;1&#8243; fullwidth=&#8221;on&#8221; _builder_version=&#8221;4.21.0&#8243; _module_preset=&#8221;default&#8221; background_image=&#8221;http:\/\/coach2.shazawa.com\/wp-content\/uploads\/2023\/05\/coach-01-min.jpg&#8221; parallax=&#8221;on&#8221; parallax_method=&#8221;off&#8221; custom_margin=&#8221;-120px||||false|false&#8221; custom_margin_tablet=&#8221;0px||||false|false&#8221; custom_margin_phone=&#8221;0px||||false|false&#8221; custom_margin_last_edited=&#8221;on|tablet&#8221; global_colors_info=&#8221;{}&#8221;][et_pb_fullwidth_header title=&#8221;Obtenez des s\u00e9ances de sport adapt\u00e9es \u00e0 votre niveau avec un coach professionnel.&#8221; text_orientation=&#8221;center&#8221; header_fullscreen=&#8221;on&#8221; button_one_text=&#8221;R\u00e9servez votre s\u00e9ance offerte&#8221; button_one_url=&#8221;@ET-DC@eyJkeW5hbWljIjp0cnVlLCJjb250ZW50IjoicG9zdF9saW5rX3VybF9wYWdlIiwic2V0dGluZ3MiOnsicG9zdF9pZCI6IjE5In19@&#8221; _builder_version=&#8221;4.21.0&#8243; _dynamic_attributes=&#8221;button_one_url&#8221; _module_preset=&#8221;default&#8221; title_font=&#8221;Montserrat||||||||&#8221; title_text_align=&#8221;center&#8221; title_font_size=&#8221;50px&#8221; title_line_height=&#8221;1.2em&#8221; content_font=&#8221;Montserrat||||||||&#8221; content_font_size=&#8221;18px&#8221; content_line_height=&#8221;1.8em&#8221; background_color=&#8221;rgba(0,0,0,0.51)&#8221; background_enable_image=&#8221;off&#8221; background_position=&#8221;top_center&#8221; background_blend=&#8221;overlay&#8221; custom_button_one=&#8221;on&#8221; button_one_text_size=&#8221;20px&#8221; button_one_bg_color=&#8221;#3EC3B0&#8243; button_one_border_width=&#8221;0px&#8221; button_one_border_radius=&#8221;20px&#8221; button_one_font=&#8221;Montserrat|500|||||||&#8221; title_font_size_tablet=&#8221;45px&#8221; title_font_size_phone=&#8221;30px&#8221; title_font_size_last_edited=&#8221;on|phone&#8221; global_colors_info=&#8221;{}&#8221;]<\/p>\n<p style=\"text-align: center;\">Des s\u00e9ances de sport personnalis\u00e9es pour tous, quels que soient votre exp\u00e9rience et votre condition physique.<\/p>\n<p>[\/et_pb_fullwidth_header][\/et_pb_section][et_pb_section fb_built=&#8221;1&#8243; _builder_version=&#8221;4.21.0&#8243; _module_preset=&#8221;default&#8221; global_colors_info=&#8221;{}&#8221;][et_pb_row _builder_version=&#8221;4.21.0&#8243; _module_preset=&#8221;default&#8221; global_colors_info=&#8221;{}&#8221;][et_pb_column type=&#8221;4_4&#8243; _builder_version=&#8221;4.21.0&#8243; _module_preset=&#8221;default&#8221; global_colors_info=&#8221;{}&#8221;][et_pb_text _builder_version=&#8221;4.21.0&#8243; _module_preset=&#8221;default&#8221; header_2_font=&#8221;Montserrat|||on|||||&#8221; header_2_text_align=&#8221;center&#8221; global_colors_info=&#8221;{}&#8221;]<\/p>\n<h2 style=\"text-align: center;\">Entra\u00eenemnt Physique, Comme vous le voulez<\/h2>\n<p>[\/et_pb_text][\/et_pb_column][\/et_pb_row][et_pb_row column_structure=&#8221;1_3,1_3,1_3&#8243; _builder_version=&#8221;4.21.0&#8243; _module_preset=&#8221;default&#8221; custom_padding=&#8221;||||true&#8221; global_colors_info=&#8221;{}&#8221;][et_pb_column type=&#8221;1_3&#8243; _builder_version=&#8221;4.21.0&#8243; _module_preset=&#8221;default&#8221; background_color=&#8221;rgba(0,0,0,0.28)&#8221; background_image=&#8221;http:\/\/coach2.shazawa.com\/wp-content\/uploads\/2023\/05\/entrainement-hiit-min.jpg&#8221; background_blend=&#8221;overlay&#8221; custom_padding=&#8221;100px|10px||10px|false|true&#8221; border_radii=&#8221;on|10px|10px|10px|10px&#8221; global_colors_info=&#8221;{}&#8221; background__hover_enabled=&#8221;on|hover&#8221; background_color__hover=&#8221;rgba(255,255,255,0.39)&#8221; background_enable_color__hover=&#8221;on&#8221;][et_pb_blurb title=&#8221;Entra\u00eenement en force&#8221; url=&#8221;@ET-DC@eyJkeW5hbWljIjp0cnVlLCJjb250ZW50IjoicG9zdF9saW5rX3VybF9wYWdlIiwic2V0dGluZ3MiOnsicG9zdF9pZCI6IjEzIn19@&#8221; use_icon=&#8221;on&#8221; font_icon=&#8221;&#xf061;||fa||900&#8243; icon_color=&#8221;#FFFFFF&#8221; image_icon_background_color=&#8221;#61CE70&#8243; icon_placement=&#8221;left&#8221; image_icon_width=&#8221;15px&#8221; _builder_version=&#8221;4.21.0&#8243; _dynamic_attributes=&#8221;url&#8221; _module_preset=&#8221;default&#8221; header_font=&#8221;Montserrat|600||on|||||&#8221; header_text_color=&#8221;#FFFFFF&#8221; header_font_size=&#8221;14px&#8221; header_line_height=&#8221;4.5em&#8221; image_icon_custom_padding=&#8221;15px|15px|15px|15px|true|true&#8221; border_radii_image=&#8221;on|5px|5px|5px|5px&#8221; global_colors_info=&#8221;{}&#8221; image_icon_background_color__hover_enabled=&#8221;on|hover&#8221; image_icon_background_color__hover=&#8221;#494949&#8243;][\/et_pb_blurb][\/et_pb_column][et_pb_column type=&#8221;1_3&#8243; _builder_version=&#8221;4.21.0&#8243; _module_preset=&#8221;default&#8221; background_color=&#8221;rgba(0,0,0,0.28)&#8221; background_image=&#8221;http:\/\/coach2.shazawa.com\/wp-content\/uploads\/2023\/05\/entrainement-hiit-min.jpg&#8221; background_blend=&#8221;overlay&#8221; custom_padding=&#8221;100px|10px||10px|false|true&#8221; border_radii=&#8221;on|10px|10px|10px|10px&#8221; global_colors_info=&#8221;{}&#8221; background__hover_enabled=&#8221;on|hover&#8221; background_color__hover=&#8221;rgba(255,255,255,0.39)&#8221; background_enable_color__hover=&#8221;on&#8221;][et_pb_blurb title=&#8221;Entra\u00eenement fonctionnel&#8221; url=&#8221;@ET-DC@eyJkeW5hbWljIjp0cnVlLCJjb250ZW50IjoicG9zdF9saW5rX3VybF9wYWdlIiwic2V0dGluZ3MiOnsicG9zdF9pZCI6IjE3NyJ9fQ==@&#8221; use_icon=&#8221;on&#8221; font_icon=&#8221;&#xf061;||fa||900&#8243; icon_color=&#8221;#FFFFFF&#8221; image_icon_background_color=&#8221;#61CE70&#8243; icon_placement=&#8221;left&#8221; image_icon_width=&#8221;15px&#8221; _builder_version=&#8221;4.21.0&#8243; _dynamic_attributes=&#8221;url&#8221; _module_preset=&#8221;default&#8221; header_font=&#8221;Montserrat|600||on|||||&#8221; header_text_color=&#8221;#FFFFFF&#8221; header_font_size=&#8221;14px&#8221; header_line_height=&#8221;4.5em&#8221; image_icon_custom_padding=&#8221;15px|15px|15px|15px|true|true&#8221; border_radii_image=&#8221;on|5px|5px|5px|5px&#8221; global_colors_info=&#8221;{}&#8221; image_icon_background_color__hover_enabled=&#8221;on|hover&#8221; image_icon_background_color__hover=&#8221;#494949&#8243;][\/et_pb_blurb][\/et_pb_column][et_pb_column type=&#8221;1_3&#8243; _builder_version=&#8221;4.21.0&#8243; _module_preset=&#8221;default&#8221; background_color=&#8221;rgba(0,0,0,0.28)&#8221; background_image=&#8221;http:\/\/coach2.shazawa.com\/wp-content\/uploads\/2023\/05\/entrainement-hiit-min.jpg&#8221; background_blend=&#8221;overlay&#8221; custom_padding=&#8221;100px|10px||10px|false|true&#8221; border_radii=&#8221;on|10px|10px|10px|10px&#8221; global_colors_info=&#8221;{}&#8221; background__hover_enabled=&#8221;on|hover&#8221; background_color__hover=&#8221;rgba(255,255,255,0.39)&#8221; background_enable_color__hover=&#8221;on&#8221;][et_pb_blurb title=&#8221;Entra\u00eenement Hiit&#8221; url=&#8221;@ET-DC@eyJkeW5hbWljIjp0cnVlLCJjb250ZW50IjoicG9zdF9saW5rX3VybF9wYWdlIiwic2V0dGluZ3MiOnsicG9zdF9pZCI6IjE3NiJ9fQ==@&#8221; use_icon=&#8221;on&#8221; font_icon=&#8221;&#xf061;||fa||900&#8243; icon_color=&#8221;#FFFFFF&#8221; image_icon_background_color=&#8221;#61CE70&#8243; icon_placement=&#8221;left&#8221; image_icon_width=&#8221;15px&#8221; _builder_version=&#8221;4.21.0&#8243; _dynamic_attributes=&#8221;url&#8221; _module_preset=&#8221;default&#8221; header_font=&#8221;Montserrat|600||on|||||&#8221; header_text_color=&#8221;#FFFFFF&#8221; header_font_size=&#8221;14px&#8221; header_line_height=&#8221;4.5em&#8221; image_icon_custom_padding=&#8221;15px|15px|15px|15px|true|true&#8221; border_radii_image=&#8221;on|5px|5px|5px|5px&#8221; global_colors_info=&#8221;{}&#8221; image_icon_background_color__hover_enabled=&#8221;on|hover&#8221; image_icon_background_color__hover=&#8221;#494949&#8243;][\/et_pb_blurb][\/et_pb_column][\/et_pb_row][\/et_pb_section][et_pb_section fb_built=&#8221;1&#8243; _builder_version=&#8221;4.21.0&#8243; _module_preset=&#8221;default&#8221; background_color=&#8221;RGBA(255,255,255,0)&#8221; background_image=&#8221;http:\/\/coach2.shazawa.com\/wp-content\/uploads\/2023\/05\/coach-02-min.jpg&#8221; parallax=&#8221;on&#8221; parallax_method=&#8221;off&#8221; custom_padding=&#8221;0px||0px||true|false&#8221; global_colors_info=&#8221;{}&#8221;][et_pb_row column_structure=&#8221;1_2,1_2&#8243; use_custom_gutter=&#8221;on&#8221; custom_padding_last_edited=&#8221;on|phone&#8221; _builder_version=&#8221;4.21.0&#8243; _module_preset=&#8221;default&#8221; background_color=&#8221;rgba(0,0,0,0.39)&#8221; width=&#8221;100%&#8221; max_width=&#8221;100%&#8221; custom_padding=&#8221;130px|385px|130px|385px|true|true&#8221; custom_padding_tablet=&#8221;130px|205px|75px|85px|false|false&#8221; custom_padding_phone=&#8221;90px|25px|0px|25px|false|true&#8221; global_colors_info=&#8221;{}&#8221;][et_pb_column type=&#8221;1_2&#8243; _builder_version=&#8221;4.21.0&#8243; _module_preset=&#8221;default&#8221; global_colors_info=&#8221;{}&#8221;][et_pb_text _builder_version=&#8221;4.21.0&#8243; _module_preset=&#8221;default&#8221; header_3_font=&#8221;Montserrat|500||on|||||&#8221; header_3_text_color=&#8221;#FFFFFF&#8221; header_3_font_size=&#8221;35px&#8221; header_3_font_size_tablet=&#8221;30px&#8221; header_3_font_size_phone=&#8221;20px&#8221; header_3_font_size_last_edited=&#8221;on|phone&#8221; global_colors_info=&#8221;{}&#8221;]<\/p>\n<h3>Salut, Je suis Marcel D.<\/h3>\n<p>[\/et_pb_text][et_pb_text _builder_version=&#8221;4.21.0&#8243; _module_preset=&#8221;default&#8221; text_font=&#8221;Montserrat||||||||&#8221; text_text_color=&#8221;#FFFFFF&#8221; text_font_size=&#8221;17px&#8221; global_colors_info=&#8221;{}&#8221;]<\/p>\n<p>Votre coach sportif d\u00e9vou\u00e9. Fort de plus de 10 ans d&#8217;exp\u00e9rience dans le domaine de la remise en forme, je suis passionn\u00e9 par l&#8217;entra\u00eenement et la transformation physique. Mon objectif est de vous accompagner dans votre parcours de remise en forme et de vous aider \u00e0 atteindre vos objectifs.<\/p>\n<p>[\/et_pb_text][et_pb_button button_url=&#8221;@ET-DC@eyJkeW5hbWljIjp0cnVlLCJjb250ZW50IjoicG9zdF9saW5rX3VybF9wYWdlIiwic2V0dGluZ3MiOnsicG9zdF9pZCI6IjE5In19@&#8221; button_text=&#8221;R\u00e9servez votre s\u00e9ance offerte&#8221; _builder_version=&#8221;4.21.0&#8243; _dynamic_attributes=&#8221;button_url&#8221; _module_preset=&#8221;default&#8221; custom_button=&#8221;on&#8221; button_text_color=&#8221;#FFFFFF&#8221; button_bg_color=&#8221;#3EC3B0&#8243; button_border_width=&#8221;0px&#8221; button_border_radius=&#8221;20px&#8221; button_font=&#8221;Montserrat||||||||&#8221; global_colors_info=&#8221;{}&#8221;][\/et_pb_button][\/et_pb_column][et_pb_column type=&#8221;1_2&#8243; _builder_version=&#8221;4.21.0&#8243; _module_preset=&#8221;default&#8221; global_colors_info=&#8221;{}&#8221;][\/et_pb_column][\/et_pb_row][\/et_pb_section][et_pb_section fb_built=&#8221;1&#8243; _builder_version=&#8221;4.21.0&#8243; _module_preset=&#8221;default&#8221; global_colors_info=&#8221;{}&#8221;][et_pb_row column_structure=&#8221;1_3,1_3,1_3&#8243; use_custom_gutter=&#8221;on&#8221; gutter_width=&#8221;4&#8243; _builder_version=&#8221;4.21.0&#8243; _module_preset=&#8221;default&#8221; global_colors_info=&#8221;{}&#8221;][et_pb_column type=&#8221;1_3&#8243; _builder_version=&#8221;4.21.0&#8243; _module_preset=&#8221;default&#8221; global_colors_info=&#8221;{}&#8221;][et_pb_blurb title=&#8221;Ce que nos clients disent&#8221; _builder_version=&#8221;4.21.0&#8243; _module_preset=&#8221;default&#8221; header_level=&#8221;h3&#8243; header_font=&#8221;Montserrat|||on|||||&#8221; header_font_size=&#8221;40px&#8221; header_line_height=&#8221;1.2em&#8221; header_font_size_tablet=&#8221;35px&#8221; header_font_size_phone=&#8221;30px&#8221; header_font_size_last_edited=&#8221;on|phone&#8221; global_colors_info=&#8221;{}&#8221;]D\u00e9couvrez les t\u00e9moignages inspirants de nos clients qui ont fait confiance \u00e0 notre \u00e9quipe de coachs sportifs passionn\u00e9s et d\u00e9vou\u00e9s.  Ils sont sont une v\u00e9ritable source d&#8217;inspiration et t\u00e9moignent de notre engagement \u00e0 vous aider \u00e0 atteindre vos objectifs de remise en forme. [\/et_pb_blurb][\/et_pb_column][et_pb_column type=&#8221;1_3&#8243; _builder_version=&#8221;4.21.0&#8243; _module_preset=&#8221;default&#8221; background_color=&#8221;#ededed&#8221; custom_padding=&#8221;22px||22px||true|false&#8221; global_colors_info=&#8221;{}&#8221;][et_pb_text _builder_version=&#8221;4.21.0&#8243; _module_preset=&#8221;default&#8221; text_font=&#8221;Montserrat||||||||&#8221; custom_padding=&#8221;|20px||20px|false|true&#8221; global_colors_info=&#8221;{}&#8221;]<\/p>\n<p><em>&#8220;Gr\u00e2ce \u00e0 l&#8217;encadrement professionnel et motivant de Lucas, j&#8217;ai pu perdre 10 kilos en seulement trois mois. Je recommande vivement ses services \u00e0 quiconque souhaite atteindre ses objectifs de remise en forme.&#8221;<\/em><\/p>\n<p>[\/et_pb_text][et_pb_divider _builder_version=&#8221;4.21.0&#8243; _module_preset=&#8221;default&#8221; width=&#8221;80%&#8221; module_alignment=&#8221;center&#8221; custom_margin=&#8221;-5px||-5px||true|false&#8221; global_colors_info=&#8221;{}&#8221;][\/et_pb_divider][et_pb_blurb title=&#8221;Jeanne M&#8221; image=&#8221;http:\/\/coach2.shazawa.com\/wp-content\/uploads\/2023\/05\/client-sport.jpg&#8221; icon_placement=&#8221;left&#8221; _builder_version=&#8221;4.21.0&#8243; _module_preset=&#8221;default&#8221; header_font=&#8221;Montserrat|600|||||||&#8221; header_font_size=&#8221;16px&#8221; body_text_color=&#8221;#ffaa00&#8243; custom_margin=&#8221;|||-15px|false|false&#8221; global_colors_info=&#8221;{}&#8221;]<\/p>\n<p><span class=\"agsdi-icon\" data-icon=\"agsdix-seth-icon_star\" style=\"font-size: 16;\">icon_star icon<\/span><span class=\"agsdi-icon\" data-icon=\"agsdix-seth-icon_star\" style=\"font-size: 16;\">icon_star icon<\/span><span class=\"agsdi-icon\" data-icon=\"agsdix-seth-icon_star\" style=\"font-size: 16;\">icon_star icon<\/span><span class=\"agsdi-icon\" data-icon=\"agsdix-seth-icon_star\" style=\"font-size: 16;\">icon_star icon<\/span><span class=\"agsdi-icon\" data-icon=\"agsdix-seth-icon_star\" style=\"font-size: 16;\">icon_star icon<\/span><\/p>\n<p>[\/et_pb_blurb][\/et_pb_column][et_pb_column type=&#8221;1_3&#8243; _builder_version=&#8221;4.21.0&#8243; _module_preset=&#8221;default&#8221; background_color=&#8221;#ededed&#8221; custom_padding=&#8221;22px||22px||true|false&#8221; global_colors_info=&#8221;{}&#8221;][et_pb_text _builder_version=&#8221;4.21.0&#8243; _module_preset=&#8221;default&#8221; text_font=&#8221;Montserrat||||||||&#8221; custom_padding=&#8221;|20px||20px|false|true&#8221; global_colors_info=&#8221;{}&#8221;]<\/p>\n<p><em>&#8220;En tant que novice en fitness, j&#8217;avais besoin d&#8217;un coach comp\u00e9tent pour me guider dans mon parcours. Lucas a su cr\u00e9er un programme d&#8217;entra\u00eenement adapt\u00e9 \u00e0 mon niveau et \u00e0 mes besoins sp\u00e9cifiques.&#8221;<\/em><\/p>\n<p>[\/et_pb_text][et_pb_divider _builder_version=&#8221;4.21.0&#8243; _module_preset=&#8221;default&#8221; width=&#8221;80%&#8221; module_alignment=&#8221;center&#8221; custom_margin=&#8221;-5px||-5px||true|false&#8221; global_colors_info=&#8221;{}&#8221;][\/et_pb_divider][et_pb_blurb title=&#8221;Thomas L&#8221; image=&#8221;http:\/\/coach2.shazawa.com\/wp-content\/uploads\/2023\/05\/client-sport-02.jpg&#8221; icon_placement=&#8221;left&#8221; _builder_version=&#8221;4.21.0&#8243; _module_preset=&#8221;default&#8221; header_font=&#8221;Montserrat|600|||||||&#8221; header_font_size=&#8221;16px&#8221; body_text_color=&#8221;#ffaa00&#8243; custom_margin=&#8221;|||-15px|false|false&#8221; global_colors_info=&#8221;{}&#8221;]<\/p>\n<p><span class=\"agsdi-icon\" data-icon=\"agsdix-seth-icon_star\" style=\"font-size: 16;\">icon_star icon<\/span><span class=\"agsdi-icon\" data-icon=\"agsdix-seth-icon_star\" style=\"font-size: 16;\">icon_star icon<\/span><span class=\"agsdi-icon\" data-icon=\"agsdix-seth-icon_star\" style=\"font-size: 16;\">icon_star icon<\/span><span class=\"agsdi-icon\" data-icon=\"agsdix-seth-icon_star\" style=\"font-size: 16;\">icon_star icon<\/span><span class=\"agsdi-icon\" data-icon=\"agsdix-seth-icon_star\" style=\"font-size: 16;\">icon_star icon<\/span><\/p>\n<p>[\/et_pb_blurb][\/et_pb_column][\/et_pb_row][\/et_pb_section][et_pb_section fb_built=&#8221;1&#8243; _builder_version=&#8221;4.21.0&#8243; _module_preset=&#8221;default&#8221; background_video_mp4=&#8221;http:\/\/coach2.shazawa.com\/wp-content\/uploads\/2023\/05\/videoplayback.mp4&#8243; hover_enabled=&#8221;0&#8243; global_colors_info=&#8221;{}&#8221; custom_padding=&#8221;100px||100px||true|false&#8221; sticky_enabled=&#8221;0&#8243;][et_pb_row column_structure=&#8221;2_3,1_3&#8243; use_custom_gutter=&#8221;on&#8221; gutter_width=&#8221;1&#8243; make_equal=&#8221;on&#8221; _builder_version=&#8221;4.21.0&#8243; _module_preset=&#8221;default&#8221; global_colors_info=&#8221;{}&#8221;][et_pb_column type=&#8221;2_3&#8243; _builder_version=&#8221;4.21.0&#8243; _module_preset=&#8221;default&#8221; custom_css_main_element=&#8221;margin:auto;&#8221; global_colors_info=&#8221;{}&#8221;][et_pb_blurb title=&#8221;On se remet en mouvement&#8221; _builder_version=&#8221;4.21.0&#8243; _module_preset=&#8221;default&#8221; header_level=&#8221;h3&#8243; header_font=&#8221;Montserrat|||on|||||&#8221; header_text_color=&#8221;#FFFFFF&#8221; header_font_size=&#8221;35px&#8221; body_font=&#8221;Montserrat||||||||&#8221; body_text_color=&#8221;#FFFFFF&#8221; body_font_size=&#8221;16px&#8221; header_font_size_tablet=&#8221;35px&#8221; header_font_size_phone=&#8221;30px&#8221; header_font_size_last_edited=&#8221;on|phone&#8221; header_line_height_tablet=&#8221;&#8221; header_line_height_phone=&#8221;1.2em&#8221; header_line_height_last_edited=&#8221;on|phone&#8221; global_colors_info=&#8221;{}&#8221;]<\/p>\n<p>Peu importe votre point de d\u00e9part ou les d\u00e9fis que vous rencontrez, nous sommes l\u00e0 pour vous accompagner et vous aider \u00e0 atteindre vos objectifs. Que vous cherchiez \u00e0 perdre du poids, \u00e0 gagner en force, \u00e0 am\u00e9liorer votre condition physique ou simplement \u00e0 vous sentir mieux dans votre corps, notre \u00e9quipe de professionnels est d\u00e9di\u00e9e \u00e0 votre succ\u00e8s..<\/p>\n<p>[\/et_pb_blurb][\/et_pb_column][et_pb_column type=&#8221;1_3&#8243; _builder_version=&#8221;4.21.0&#8243; _module_preset=&#8221;default&#8221; custom_css_main_element=&#8221;margin:auto;&#8221; global_colors_info=&#8221;{}&#8221;][et_pb_button button_url=&#8221;@ET-DC@eyJkeW5hbWljIjp0cnVlLCJjb250ZW50IjoicG9zdF9saW5rX3VybF9wYWdlIiwic2V0dGluZ3MiOnsicG9zdF9pZCI6IjE5In19@&#8221; button_text=&#8221;R\u00e9servez votre s\u00e9ance offerte&#8221; _builder_version=&#8221;4.21.0&#8243; _dynamic_attributes=&#8221;button_url&#8221; _module_preset=&#8221;default&#8221; custom_button=&#8221;on&#8221; button_text_color=&#8221;#FFFFFF&#8221; button_bg_color=&#8221;#3EC3B0&#8243; button_border_width=&#8221;0px&#8221; button_border_radius=&#8221;20px&#8221; button_font=&#8221;Montserrat||||||||&#8221; custom_margin_tablet=&#8221;22px|||28px|false|false&#8221; custom_margin_phone=&#8221;22px|||28px|false|false&#8221; custom_margin_last_edited=&#8221;on|phone&#8221; locked=&#8221;off&#8221; global_colors_info=&#8221;{}&#8221;][\/et_pb_button][\/et_pb_column][\/et_pb_row][\/et_pb_section]<\/p>\n","protected":false},"excerpt":{"rendered":"<p>Des s\u00e9ances de sport personnalis\u00e9es pour tous, quels que soient votre exp\u00e9rience et votre condition physique.Entra\u00eenemnt Physique, Comme vous le voulezSalut, Je suis Marcel D.Votre coach sportif d\u00e9vou\u00e9. Fort de plus de 10 ans d&#8217;exp\u00e9rience dans le domaine de la remise en forme, je suis passionn\u00e9 par l&#8217;entra\u00eenement et la transformation physique. Mon objectif est [&hellip;]<\/p>\n","protected":false},"author":1,"featured_media":0,"parent":0,"menu_order":0,"comment_status":"closed","ping_status":"closed","template":"","meta":{"_et_pb_use_builder":"on","_et_pb_old_content":"<!-- wp:divi\/placeholder \/-->","_et_gb_content_width":""},"_links":{"self":[{"href":"https:\/\/coach2.shazawa.com\/index.php\/wp-json\/wp\/v2\/pages\/8"}],"collection":[{"href":"https:\/\/coach2.shazawa.com\/index.php\/wp-json\/wp\/v2\/pages"}],"about":[{"href":"https:\/\/coach2.shazawa.com\/index.php\/wp-json\/wp\/v2\/types\/page"}],"author":[{"embeddable":true,"href":"https:\/\/coach2.shazawa.com\/index.php\/wp-json\/wp\/v2\/users\/1"}],"replies":[{"embeddable":true,"href":"https:\/\/coach2.shazawa.com\/index.php\/wp-json\/wp\/v2\/comments?post=8"}],"version-history":[{"count":46,"href":"https:\/\/coach2.shazawa.com\/index.php\/wp-json\/wp\/v2\/pages\/8\/revisions"}],"predecessor-version":[{"id":288,"href":"https:\/\/coach2.shazawa.com\/index.php\/wp-json\/wp\/v2\/pages\/8\/revisions\/288"}],"wp:attachment":[{"href":"https:\/\/coach2.shazawa.com\/index.php\/wp-json\/wp\/v2\/media?parent=8"}],"curies":[{"name":"wp","href":"https:\/\/api.w.org\/{rel}","templated":true}]}}